{"id":99,"date":"2019-09-29T19:50:22","date_gmt":"2019-09-29T17:50:22","guid":{"rendered":"http:\/\/mformer.de\/?page_id=99"},"modified":"2019-10-03T21:30:32","modified_gmt":"2019-10-03T19:30:32","slug":"regional","status":"publish","type":"page","link":"https:\/\/mformer.de\/?page_id=99","title":{"rendered":"NRW"},"content":{"rendered":"\n<p><a href=\"https:\/\/www.land.nrw\/\" target=\"_blank\" rel=\"noreferrer noopener\" aria-label=\"Land NRW   ---   Presseportal des Landes NRW (\u00f6ffnet in neuem Tab)\">Land NRW   &#8212;   Presseportal des Landes NRW<\/a><\/p>\n\n\n\n<p><a rel=\"noreferrer noopener\" aria-label=\"Aachener Zeitung (\u00f6ffnet in neuem Tab)\" href=\"https:\/\/www.aachener-zeitung.de\/\" target=\"_blank\">Aachener Zeitung<\/a><\/p>\n\n\n\n<p><a href=\"https:\/\/www.aachener-nachrichten.de\/\" target=\"_blank\" rel=\"noreferrer noopener\" aria-label=\"Aachener Nachrichten (\u00f6ffnet in neuem Tab)\">Aachener Nachrichten<\/a><\/p>\n\n\n\n<p><a rel=\"noreferrer noopener\" aria-label=\"Augsburger Allgemeine (\u00f6ffnet in neuem Tab)\" href=\"https:\/\/www.augsburger-allgemeine.de\/\" target=\"_blank\">Augsburger Allgemeine<\/a><\/p>\n\n\n\n<p><a rel=\"noreferrer noopener\" aria-label=\"Berliner Zeitung (\u00f6ffnet in neuem Tab)\" href=\"https:\/\/www.berliner-zeitung.de\/\" target=\"_blank\">Berliner Zeitung<\/a><\/p>\n\n\n\n<p><a rel=\"noreferrer noopener\" aria-label=\"Blickpunkt Euskirchen (\u00f6ffnet in neuem Tab)\" href=\"https:\/\/www.rheinische-anzeigenblaetter.de\/mein-blatt\/blickpunkt-euskirchen\" target=\"_blank\">Blickpunkt Euskirchen<\/a><\/p>\n\n\n\n<p><a href=\"https:\/\/www.rheinische-anzeigenblaetter.de\/mein-blatt\/bruehler-schlossbote\" target=\"_blank\" rel=\"noreferrer noopener\" aria-label=\"Br\u00fchler Schlossbote (\u00f6ffnet in neuem Tab)\">Br\u00fchler Schlossbote<\/a><\/p>\n\n\n\n<p><a href=\"https:\/\/www.come-on.de\/\" target=\"_blank\" rel=\"noreferrer noopener\" aria-label=\"Come on   ---   L\u00fcdenscheidt (\u00f6ffnet in neuem Tab)\">Come on   &#8212;   L\u00fcdenscheidt<\/a><\/p>\n\n\n\n<p><a rel=\"noreferrer noopener\" aria-label=\"D\u00fcsseldorfer Anzeiger (\u00f6ffnet in neuem Tab)\" href=\"http:\/\/www.duesseldorfer-anzeiger.de\/\" target=\"_blank\">D\u00fcsseldorfer Anzeiger<\/a><\/p>\n\n\n\n<p><a href=\"https:\/\/www.kevelaerer-blatt.de\/\" target=\"_blank\" rel=\"noreferrer noopener\" aria-label=\"Kevelaerer Blatt (\u00f6ffnet in neuem Tab)\">Kevelaerer Blatt<\/a><\/p>\n\n\n\n<p><a rel=\"noreferrer noopener\" aria-label=\"K\u00f6lner Stadt Anzeiger (\u00f6ffnet in neuem Tab)\" href=\"https:\/\/www.ksta.de\/\" target=\"_blank\">K\u00f6lner Stadt Anzeiger<\/a><\/p>\n\n\n\n<p><a rel=\"noreferrer noopener\" aria-label=\"K\u00f6lnische Rundschau (\u00f6ffnet in neuem Tab)\" href=\"https:\/\/www.rundschau-online.de\/\" target=\"_blank\">K\u00f6lnische Rundschau<\/a><\/p>\n\n\n\n<p><a rel=\"noreferrer noopener\" aria-label=\"Lippische Landeszeitung (\u00f6ffnet in neuem Tab)\" href=\"https:\/\/www.lz.de\/\" target=\"_blank\">Lippische Landeszeitung<\/a><\/p>\n\n\n\n<p><a rel=\"noreferrer noopener\" aria-label=\"Meine Woche   ---   M\u00f6nchengladbach (\u00f6ffnet in neuem Tab)\" href=\"https:\/\/www.meine-woche.de\/\" target=\"_blank\">Meine Woche   &#8212;   M\u00f6nchengladbach<\/a>,Viersen<\/p>\n\n\n\n<p><a href=\"https:\/\/www.mt.de\/\" target=\"_blank\" rel=\"noreferrer noopener\" aria-label=\"Mindener Tagesblatt (\u00f6ffnet in neuem Tab)\">Mindener Tagesblatt<\/a><\/p>\n\n\n\n<p><a rel=\"noreferrer noopener\" aria-label=\"Ruhr Nachrichten (\u00f6ffnet in neuem Tab)\" href=\"https:\/\/www.ruhrnachrichten.de\/\" target=\"_blank\">Ruhr Nachrichten<\/a><\/p>\n\n\n\n<p><a rel=\"noreferrer noopener\" aria-label=\"Siegener Zeitung (\u00f6ffnet in neuem Tab)\" href=\"https:\/\/www.siegener-zeitung.de\/\" target=\"_blank\">Siegener Zeitung<\/a><\/p>\n\n\n\n<p><a rel=\"noreferrer noopener\" aria-label=\"SuperSonntag   ---   St\u00e4dteregion Aachen (\u00f6ffnet in neuem Tab)\" href=\"http:\/\/www.supersonntag.de\/\" target=\"_blank\">SuperSonntag   &#8212;   St\u00e4dteregion Aachen<\/a><\/p>\n\n\n\n<p><a rel=\"noreferrer noopener\" aria-label=\"Westfalen Blatt (\u00f6ffnet in neuem Tab)\" href=\"https:\/\/www.westfalen-blatt.de\/\" target=\"_blank\">Westfalen Blatt<\/a><\/p>\n\n\n\n<p><a href=\"https:\/\/www.wn.de\/\" target=\"_blank\" rel=\"noreferrer noopener\" aria-label=\"Westf\u00e4lische Nachrichten (\u00f6ffnet in neuem Tab)\">Westf\u00e4lische Nachrichten<\/a><\/p>\n\n\n\n<p><\/p>\n","protected":false},"excerpt":{"rendered":"<p>Land NRW &#8212; Presseportal des Landes NRW Aachener Zeitung Aachener Nachrichten Augsburger Allgemeine Berliner Zeitung Blickpunkt Euskirchen Br\u00fchler Schlossbote Come on &#8212; L\u00fcdenscheidt D\u00fcsseldorfer Anzeiger Kevelaerer Blatt K\u00f6lner Stadt Anzeiger K\u00f6lnische Rundschau Lippische Landeszeitung Meine Woche &#8212; M\u00f6nchengladbach,Viersen Mindener Tagesblatt Ruhr Nachrichten Siegener Zeitung SuperSonntag &#8212; St\u00e4dteregion Aachen Westfalen Blatt Westf\u00e4lische Nachrichten<\/p>\n","protected":false},"author":1,"featured_media":0,"parent":167,"menu_order":70,"comment_status":"closed","ping_status":"closed","template":"","meta":[],"_links":{"self":[{"href":"https:\/\/mformer.de\/index.php?rest_route=\/wp\/v2\/pages\/99"}],"collection":[{"href":"https:\/\/mformer.de\/index.php?rest_route=\/wp\/v2\/pages"}],"about":[{"href":"https:\/\/mformer.de\/index.php?rest_route=\/wp\/v2\/types\/page"}],"author":[{"embeddable":true,"href":"https:\/\/mformer.de\/index.php?rest_route=\/wp\/v2\/users\/1"}],"replies":[{"embeddable":true,"href":"https:\/\/mformer.de\/index.php?rest_route=%2Fwp%2Fv2%2Fcomments&post=99"}],"version-history":[{"count":22,"href":"https:\/\/mformer.de\/index.php?rest_route=\/wp\/v2\/pages\/99\/revisions"}],"predecessor-version":[{"id":170,"href":"https:\/\/mformer.de\/index.php?rest_route=\/wp\/v2\/pages\/99\/revisions\/170"}],"up":[{"embeddable":true,"href":"https:\/\/mformer.de\/index.php?rest_route=\/wp\/v2\/pages\/167"}],"wp:attachment":[{"href":"https:\/\/mformer.de\/index.php?rest_route=%2Fwp%2Fv2%2Fmedia&parent=99"}],"curies":[{"name":"wp","href":"https:\/\/api.w.org\/{rel}","templated":true}]}}