{"id":17,"date":"2019-09-28T20:21:07","date_gmt":"2019-09-28T18:21:07","guid":{"rendered":"http:\/\/mformer.de\/?page_id=17"},"modified":"2020-07-08T20:25:58","modified_gmt":"2020-07-08T18:25:58","slug":"on-demand","status":"publish","type":"page","link":"https:\/\/mformer.de\/?page_id=17","title":{"rendered":"on demand"},"content":{"rendered":"\n<p><a href=\"https:\/\/www.joyn.de\/\" target=\"_blank\" rel=\"noreferrer noopener\" aria-label=\"Joyn (\u00f6ffnet in neuem Tab)\">Joyn<\/a><\/p>\n\n\n\n<p><a rel=\"noreferrer noopener\" aria-label=\"NetzKino (\u00f6ffnet in neuem Tab)\" href=\"https:\/\/www.netzkino.de\/\" target=\"_blank\">NetzKino<\/a><\/p>\n\n\n\n<p><a rel=\"noreferrer noopener\" aria-label=\"YouTube (\u00f6ffnet in neuem Tab)\" href=\"https:\/\/www.youtube.com\/?gl=DE&amp;hl=de\" target=\"_blank\">YouTube<\/a><\/p>\n\n\n\n<p><a href=\"https:\/\/www.netflix.de\" target=\"_blank\" rel=\"noreferrer noopener\" aria-label=\"Netflix (Ben\u00f6tigt Kostenpflichtiges Abo) (\u00f6ffnet in neuem Tab)\">Netflix (Ben\u00f6tigt Kostenpflichtiges Abo)<\/a><\/p>\n\n\n\n<p><a rel=\"noreferrer noopener\" aria-label=\"Amazon Prime (Ben\u00f6tigt kostenpflichtiges Abo) (\u00f6ffnet in neuem Tab)\" href=\"https:\/\/www.amazon.de\/video\" target=\"_blank\">Amazon Prime (Ben\u00f6tigt kostenpflichtiges Abo)<\/a><\/p>\n\n\n\n<p><a href=\"https:\/\/www.disneyplus.com\/de-de\/login\" target=\"_blank\" rel=\"noreferrer noopener\">Disney Plus (Ben\u00f6tigt kostenpflichtiges Abo)<\/a><\/p>\n\n\n\n<p><a href=\"https:\/\/www.maxdome.de\/\" target=\"_blank\" rel=\"noreferrer noopener\" aria-label=\"MaxDome (Ben\u00f6tigt kostenpflichtiges Abo) (\u00f6ffnet in neuem Tab)\">MaxDome (Ben\u00f6tigt kostenpflichtiges Abo)<\/a><\/p>\n","protected":false},"excerpt":{"rendered":"<p>Joyn NetzKino YouTube Netflix (Ben\u00f6tigt Kostenpflichtiges Abo) Amazon Prime (Ben\u00f6tigt kostenpflichtiges Abo) Disney Plus (Ben\u00f6tigt kostenpflichtiges Abo) MaxDome (Ben\u00f6tigt kostenpflichtiges Abo)<\/p>\n","protected":false},"author":1,"featured_media":0,"parent":11,"menu_order":60,"comment_status":"closed","ping_status":"closed","template":"","meta":[],"_links":{"self":[{"href":"https:\/\/mformer.de\/index.php?rest_route=\/wp\/v2\/pages\/17"}],"collection":[{"href":"https:\/\/mformer.de\/index.php?rest_route=\/wp\/v2\/pages"}],"about":[{"href":"https:\/\/mformer.de\/index.php?rest_route=\/wp\/v2\/types\/page"}],"author":[{"embeddable":true,"href":"https:\/\/mformer.de\/index.php?rest_route=\/wp\/v2\/users\/1"}],"replies":[{"embeddable":true,"href":"https:\/\/mformer.de\/index.php?rest_route=%2Fwp%2Fv2%2Fcomments&post=17"}],"version-history":[{"count":7,"href":"https:\/\/mformer.de\/index.php?rest_route=\/wp\/v2\/pages\/17\/revisions"}],"predecessor-version":[{"id":200,"href":"https:\/\/mformer.de\/index.php?rest_route=\/wp\/v2\/pages\/17\/revisions\/200"}],"up":[{"embeddable":true,"href":"https:\/\/mformer.de\/index.php?rest_route=\/wp\/v2\/pages\/11"}],"wp:attachment":[{"href":"https:\/\/mformer.de\/index.php?rest_route=%2Fwp%2Fv2%2Fmedia&parent=17"}],"curies":[{"name":"wp","href":"https:\/\/api.w.org\/{rel}","templated":true}]}}