{"id":21,"date":"2019-09-28T20:36:21","date_gmt":"2019-09-28T18:36:21","guid":{"rendered":"http:\/\/mformer.de\/?page_id=21"},"modified":"2019-09-28T21:41:16","modified_gmt":"2019-09-28T19:41:16","slug":"datenschutz-etc","status":"publish","type":"page","link":"http:\/\/mformer.de\/?page_id=21","title":{"rendered":"Datenschutzerkl\u00e4rung"},"content":{"rendered":"\n<h1><\/h1>\n\n\n\n<p>Stand: 28. September 2019<\/p>\n\n\n\n<h2>Inhalts\u00fcbersicht<\/h2>\n\n\n\n<ul><li><a href=\"#m3\"> Verantwortlicher<\/a><\/li><li><a href=\"#mOverview\"> \u00dcbersicht der Verarbeitungen<\/a><\/li><li><a href=\"#m134\"> Einsatz von Cookies<\/a><\/li><li><a href=\"#m104\"> Blogs und Publikationsmedien<\/a><\/li><li><a href=\"#m225\"> Bereitstellung des Onlineangebotes und Webhosting<\/a><\/li><li><a href=\"#m328\"> Plugins und eingebettete Funktionen sowie Inhalte<\/a><\/li><li>Besucherz\u00e4hler<\/li><\/ul>\n\n\n\n<h2 id=\"m3\">Verantwortlicher<\/h2>\n\n\n\n<p>s.Impressum<\/p>\n\n\n\n<h2 id=\"mOverview\">\u00dcbersicht der Verarbeitungen<\/h2>\n\n\n\n<p>Die nachfolgende \u00dcbersicht fasst die Arten der verarbeiteten Daten und die Zwecke ihrer Verarbeitung zusammen und verweist auf die betroffenen Personen.<\/p>\n\n\n\n<h3>Arten der verarbeiteten Daten<\/h3>\n\n\n\n<ul><li>Bestandsdaten (z.B. Namen, Adressen).<\/li><li>Inhaltsdaten  (z.B. Texteingaben, Fotografien, Videos).<\/li><li>Kontaktdaten (z.B. E-Mail, Telefonnummern).<\/li><li>Meta-\/Kommunikationsdaten (z.B. Ger\u00e4te-Informationen, IP-Adressen).<\/li><li>Nutzungsdaten  (z.B. besuchte Webseiten, Interesse an Inhalten, Zugriffszeiten).<\/li><\/ul>\n\n\n\n<h3>Kategorien betroffener Personen<\/h3>\n\n\n\n<ul><li>Nutzer (z.B. Webseitenbesucher, Nutzer von Onlinediensten).<\/li><\/ul>\n\n\n\n<h3>Zwecke der Verarbeitung<\/h3>\n\n\n\n<ul><li>Bereitstellung unseres Onlineangebotes und Nutzerfreundlichkeit.<\/li><li>Feedback (z.B. Sammeln von Feedback via Online-Formular).<\/li><li>Sicherheitsma\u00dfnahmen.<\/li><li>Vertragliche Leistungen und Service.<\/li><li>Verwaltung und Beantwortung von Anfragen.<\/li><\/ul>\n\n\n\n<h2 id=\"m134\">Einsatz von Cookies<\/h2>\n\n\n\n<p>Als &#8222;Cookies\u201c werden kleine Dateien bezeichnet, die auf Ger\u00e4ten der Nutzer gespeichert werden. Mittels Cookies k\u00f6nnen unterschiedliche Angaben gespeichert werden. Zu den Angaben k\u00f6nnen z.B. die Spracheinstellungen auf einer Webseite, der Loginstatus, ein Warenkorb oder die Stelle, an der ein Video geschaut wurde, geh\u00f6ren. <\/p>\n\n\n\n<p>Cookies werden im Regelfall auch dann eingesetzt, wenn die Interessen eines Nutzers oder sein Verhalten (z.B. Betrachten bestimmter Inhalte, Nutzen von Funktionen etc.) auf einzelnen Webseiten in einem Nutzerprofil gespeichert werden. Solche Profile dienen dazu, den Nutzern z.B. Inhalte anzuzeigen, die ihren potentiellen Interessen entsprechen. Dieses Verfahren wird auch als &#8222;Tracking&#8220;, d.h., Nachverfolgung der potentiellen Interessen der Nutzer bezeichnet. Zu dem Begriff der Cookies z\u00e4hlen wir ferner andere Technologien, die die gleichen Funktionen wie Cookies erf\u00fcllen (z.B., wenn Angaben der Nutzer anhand pseudonymer Onlinekennzeichnungen gespeichert werden, auch als &#8222;Nutzer-IDs&#8220; bezeichnet).<\/p>\n\n\n\n<p>Soweit wir Cookies oder &#8222;Tracking&#8220;-Technologien einsetzen, informieren wir Sie gesondert in unserer Datenschutzerkl\u00e4rung. <\/p>\n\n\n\n<p><strong>Hinweise zu Rechtsgrundlagen: <\/strong> Auf welcher Rechtsgrundlage wir Ihre personenbezogenen Daten mit Hilfe von Cookies verarbeiten, h\u00e4ngt davon ab, ob wir Sie um eine Einwilligung bitten. Falls dies zutrifft und Sie in die Nutzung von Cookies einwilligen, ist die Rechtsgrundlage der Verarbeitung Ihrer Daten die erkl\u00e4rte Einwilligung. Andernfalls werden die mithilfe von Cookies verarbeiteten Daten auf Grundlage unserer berechtigten Interessen (z.B. an einem betriebswirtschaftlichen Betrieb unseres Onlineangebotes und dessen Verbesserung) verarbeitet oder, wenn der Einsatz von Cookies erforderlich ist, um unsere vertraglichen Verpflichtungen zu erf\u00fcllen.<\/p>\n\n\n\n<p><strong>Widerruf und Widerspruch (Opt-Out): <\/strong> Unabh\u00e4ngig davon, ob die Verarbeitung auf Grundlage einer Einwilligung oder gesetzlichen Erlaubnis erfolgt, haben Sie jederzeit die M\u00f6glichkeit, eine erteilte Einwilligung zu widerrufen oder der Verarbeitung Ihrer Daten durch Cookie-Technologien zu widersprechen (zusammenfassend als &#8222;Opt-Out&#8220; bezeichnet).<\/p>\n\n\n\n<p>Sie k\u00f6nnen Ihren Widerspruch zun\u00e4chst mittels der Einstellungen Ihres Browsers erkl\u00e4ren, z.B., indem Sie die Nutzung von Cookies deaktivieren (wobei hierdurch auch die Funktionsf\u00e4higkeit unseres Onlineangebotes eingeschr\u00e4nkt werden kann).<\/p>\n\n\n\n<p>Ein Widerspruch gegen den Einsatz von Cookies zu Zwecken des Onlinemarketings kann mittels einer Vielzahl von Diensten, vor allem im Fall des Trackings, \u00fcber die US-amerikanische Seite <a href=\"http:\/\/www.aboutads.info\/choices\/\" target=\"_blank\" rel=\"noreferrer noopener\">http:\/\/www.aboutads.info\/choices\/<\/a> oder die EU-Seite <a href=\"http:\/\/www.youronlinechoices.com\/\" target=\"_blank\" rel=\"noreferrer noopener\">http:\/\/www.youronlinechoices.com\/<\/a> oder generell auf <a href=\"http:\/\/optout.aboutads.info\" target=\"_blank\" rel=\"noreferrer noopener\">http:\/\/optout.aboutads.info<\/a> erkl\u00e4rt werden.<\/p>\n\n\n\n<p><strong>Verarbeitung von Cookie-Daten auf Grundlage einer Einwilligung<\/strong>: Bevor wir Daten im Rahmen der Nutzung von Cookies verarbeiten oder verarbeiten lassen, bitten wir die Nutzer um eine jederzeit widerrufbare Einwilligung. Bevor die Einwilligung nicht ausgesprochen wurde, werden allenfalls Cookies eingesetzt, die f\u00fcr den Betrieb unseres Onlineangebotes erforderlich sind. Deren Einsatz erfolgt auf der Grundlage unseres Interesses und des Interesses der Nutzer an der erwarteten Funktionsf\u00e4higkeit unseres Onlineangebotes.<\/p>\n\n\n\n<ul><li><strong>Verarbeitete Datenarten:<\/strong> Nutzungsdaten  (z.B. besuchte Webseiten, Interesse an Inhalten, Zugriffszeiten), Meta-\/Kommunikationsdaten (z.B. Ger\u00e4te-Informationen, IP-Adressen).<\/li><li><strong>Betroffene Personen:<\/strong> Nutzer (z.B. Webseitenbesucher, Nutzer von Onlinediensten).<\/li><li><strong>Rechtsgrundlagen:<\/strong> Einwilligung (Art. 6 Abs. 1 S. 1 lit. a DSGVO), Berechtigte Interessen (Art. 6 Abs. 1 S. 1 lit. f. DSGVO).<\/li><\/ul>\n\n\n\n<h2 id=\"m104\">Blogs und Publikationsmedien<\/h2>\n\n\n\n<p>Wir nutzen Blogs oder vergleichbare Mittel der Onlinekommunikation und Publikation (nachfolgend &#8222;Publikationsmedium&#8220;). Die Daten der Leser werden f\u00fcr die Zwecke des Publikationsmediums nur insoweit verarbeitet, als es f\u00fcr dessen Darstellung und die Kommunikation zwischen Autoren und Lesern oder aus Gr\u00fcnden der Sicherheit erforderlich ist. Im \u00dcbrigen verweisen wir auf die Informationen zur Verarbeitung der Besucher unseres Publikationsmediums im Rahmen dieser Datenschutzhinweise.<\/p>\n\n\n\n<p><strong>Kommentare und Beitr\u00e4ge<\/strong>: Wenn Nutzer Kommentare oder sonstige Beitr\u00e4ge hinterlassen, k\u00f6nnen ihre IP-Adressen auf Grundlage unserer berechtigten Interessen gespeichert werden. Das erfolgt zu unserer Sicherheit, falls jemand in Kommentaren und Beitr\u00e4gen widerrechtliche Inhalte hinterl\u00e4sst (Beleidigungen, verbotene politische Propaganda etc.). In diesem Fall k\u00f6nnen wir selbst f\u00fcr den Kommentar oder Beitrag belangt werden und sind daher an der Identit\u00e4t des Verfassers interessiert.<\/p>\n\n\n\n<p>Des Weiteren behalten wir uns vor, auf Grundlage unserer berechtigten Interessen die Angaben der Nutzer zwecks Spamerkennung zu verarbeiten.<\/p>\n\n\n\n<p>Auf derselben Rechtsgrundlage behalten wir uns vor, im Fall von Umfragen die IP-Adressen der Nutzer f\u00fcr deren Dauer zu speichern und Cookies zu verwenden, um Mehrfachabstimmungen zu vermeiden.<\/p>\n\n\n\n<p>Die im Rahmen der Kommentare und Beitr\u00e4ge mitgeteilten Informationen zur Person, etwaige Kontakt- sowie Webseiteninformationen als auch die inhaltlichen Angaben werden von uns bis zum Widerspruch der Nutzer dauerhaft gespeichert.<\/p>\n\n\n\n<ul><li><strong>Verarbeitete Datenarten:<\/strong> Bestandsdaten (z.B. Namen, Adressen), Kontaktdaten (z.B. E-Mail, Telefonnummern), Inhaltsdaten  (z.B. Texteingaben, Fotografien, Videos), Nutzungsdaten  (z.B. besuchte Webseiten, Interesse an Inhalten, Zugriffszeiten), Meta-\/Kommunikationsdaten (z.B. Ger\u00e4te-Informationen, IP-Adressen).<\/li><li><strong>Betroffene Personen:<\/strong> Nutzer (z.B. Webseitenbesucher, Nutzer von Onlinediensten).<\/li><li><strong>Zwecke der Verarbeitung:<\/strong> Vertragliche Leistungen und Service, Feedback (z.B. Sammeln von Feedback via Online-Formular), Sicherheitsma\u00dfnahmen, Verwaltung und Beantwortung von Anfragen.<\/li><li><strong>Rechtsgrundlagen:<\/strong> Vertragserf\u00fcllung und vorvertragliche Anfragen (Art. 6 Abs. 1 S. 1 lit. b. DSGVO), Berechtigte Interessen (Art. 6 Abs. 1 S. 1 lit. f. DSGVO), Einwilligung (Art. 6 Abs. 1 S. 1 lit. a DSGVO), Schutz lebenswichtiger Interessen (Art. 6 Abs. 1 S. 1 lit. d. DSGVO).<\/li><\/ul>\n\n\n\n<p><strong>Eingesetzte Dienste und Diensteanbieter:<\/strong><\/p>\n\n\n\n<ul><li><strong>WordPress.com:<\/strong> Hostingplattform f\u00fcr Blogs; Dienstanbieter: Automattic Inc., 60 29th Street #343, San Francisco, CA 94110, USA; Website: <a href=\"https:\/\/wordpress.com\" target=\"_blank\" rel=\"noreferrer noopener\">https:\/\/wordpress.com<\/a>; Datenschutzerkl\u00e4rung: <a href=\"https:\/\/automattic.com\/de\/privacy\/\" target=\"_blank\" rel=\"noreferrer noopener\">https:\/\/automattic.com\/de\/privacy\/<\/a>.<\/li><\/ul>\n\n\n\n<h2 id=\"m225\">Bereitstellung des Onlineangebotes und Webhosting<\/h2>\n\n\n\n<p>Um unser Onlineangebot sicher und effizient bereitstellen zu k\u00f6nnen, nehmen wir die Leistungen von einem oder mehreren Webhosting-Anbietern in Anspruch, von deren Servern (bzw. von ihnen verwalteten Servern) das Onlineangebot abgerufen werden kann. Zu diesen Zwecken k\u00f6nnen wir Infrastruktur- und Plattformdienstleistungen, Rechenkapazit\u00e4t, Speicherplatz und Datenbankdienste sowie Sicherheitsleistungen und technische Wartungsleistungen in Anspruch nehmen.<\/p>\n\n\n\n<p>Zu den im Rahmen der Bereitstellung des Hostingangebotes verarbeiteten Daten k\u00f6nnen alle die Nutzer unseres Onlineangebotes betreffenden Angaben geh\u00f6ren, die im Rahmen der Nutzung und der Kommunikation anfallen. Hierzu geh\u00f6ren regelm\u00e4\u00dfig die IP-Adresse, die notwendig ist, um die Inhalte von Onlineangeboten an Browser ausliefern zu k\u00f6nnen, und alle innerhalb unseres Onlineangebotes oder von Webseiten get\u00e4tigten Eingaben.<\/p>\n\n\n\n<p><strong>E-Mail-Versand und -Hosting<\/strong>: Die von uns in Anspruch genommenen Webhosting-Leistungen umfassen ebenfalls den Versand, den Empfang sowie die Speicherung von E-Mails. Zu diesen Zwecken werden die Adressen der Empf\u00e4nger sowie Absender als auch weitere Informationen betreffend den E-Mailversand (z.B. die beteiligten Provider) sowie die Inhalte der jeweiligen E-Mails verarbeitet. Die vorgenannten Daten k\u00f6nnen ferner zu Zwecken der Erkennung von SPAM verarbeitet werden. Wir bitten darum, zu beachten, dass E-Mails im Internet grunds\u00e4tzlich nicht verschl\u00fcsselt versendet werden. Im Regelfall werden E-Mails zwar auf dem Transportweg verschl\u00fcsselt, aber (sofern kein sogenanntes Ende-zu-Ende-Verschl\u00fcsselungsverfahren eingesetzt wird) nicht auf den Servern, von denen sie abgesendet und empfangen werden. Wir k\u00f6nnen daher f\u00fcr den \u00dcbertragungsweg der E-Mails zwischen dem Absender und dem Empfang auf unserem Server keine Verantwortung \u00fcbernehmen.<\/p>\n\n\n\n<p><strong>Erhebung von Zugriffsdaten und Logfiles<\/strong>: Wir selbst (bzw. unser Webhostinganbieter) erheben Daten zu jedem Zugriff auf den Server (sogenannte Serverlogfiles). Zu den Serverlogfiles k\u00f6nnen die Adresse und Name der abgerufenen Webseiten und Dateien, Datum und Uhrzeit des Abrufs, \u00fcbertragene Datenmengen, Meldung \u00fcber erfolgreichen Abruf, Browsertyp nebst Version, das Betriebssystem des Nutzers, Referrer URL (die zuvor besuchte Seite) und im Regelfall IP-Adressen und der anfragende Provider geh\u00f6ren.<\/p>\n\n\n\n<p>Die Serverlogfiles k\u00f6nnen zum einen zu Zwecken der Sicherheit eingesetzt werden, z.B., um eine \u00dcberlastung der Server zu vermeiden (insbesondere im Fall von missbr\u00e4uchlichen Angriffen, sogenannten DDoS-Attacken) und zum anderen, um die Auslastung der Server und ihre Stabilit\u00e4t sicherzustellen.<\/p>\n\n\n\n<ul><li><strong>Verarbeitete Datenarten:<\/strong> Inhaltsdaten  (z.B. Texteingaben, Fotografien, Videos), Nutzungsdaten  (z.B. besuchte Webseiten, Interesse an Inhalten, Zugriffszeiten), Meta-\/Kommunikationsdaten (z.B. Ger\u00e4te-Informationen, IP-Adressen).<\/li><li><strong>Betroffene Personen:<\/strong> Nutzer (z.B. Webseitenbesucher, Nutzer von Onlinediensten).<\/li><li><strong>Rechtsgrundlagen:<\/strong> Berechtigte Interessen (Art. 6 Abs. 1 S. 1 lit. f. DSGVO).<\/li><\/ul>\n\n\n\n<h2 id=\"m328\">Plugins und eingebettete Funktionen sowie Inhalte<\/h2>\n\n\n\n<p>Wir binden in unser Onlineangebot Funktions- und Inhaltselemente ein, die von den Servern ihrer jeweiligen Anbieter (nachfolgend bezeichnet als &#8222;Drittanbieter\u201d) bezogen werden. Dabei kann es sich zum Beispiel um Grafiken, Videos oder Social-Media-Schaltfl\u00e4chen sowie Beitr\u00e4ge handeln (nachfolgend einheitlich bezeichnet als &#8222;Inhalte\u201d).<\/p>\n\n\n\n<p>Die Einbindung setzt immer voraus, dass die Drittanbieter dieser Inhalte die IP-Adresse der Nutzer verarbeiten, da sie ohne die IP-Adresse die Inhalte nicht an deren Browser senden k\u00f6nnten. Die IP-Adresse ist damit f\u00fcr die Darstellung dieser Inhalte oder Funktionen erforderlich. Wir bem\u00fchen uns, nur solche Inhalte zu verwenden, deren jeweilige Anbieter die IP-Adresse lediglich zur Auslieferung der Inhalte verwenden. Drittanbieter k\u00f6nnen ferner sogenannte Pixel-Tags (unsichtbare Grafiken, auch als &#8222;Web Beacons&#8220; bezeichnet) f\u00fcr statistische oder Marketingzwecke verwenden. Durch die &#8222;Pixel-Tags&#8220; k\u00f6nnen Informationen, wie der Besucherverkehr auf den Seiten dieser Webseite, ausgewertet werden. Die pseudonymen Informationen k\u00f6nnen ferner in Cookies auf dem Ger\u00e4t der Nutzer gespeichert werden und unter anderem technische Informationen zum Browser und zum Betriebssystem, zu verweisenden Webseiten, zur Besuchszeit sowie weitere Angaben zur Nutzung unseres Onlineangebotes enthalten als auch mit solchen Informationen aus anderen Quellen verbunden werden.<\/p>\n\n\n\n<p><strong>Hinweise zu Rechtsgrundlagen:<\/strong> Sofern wir die Nutzer um deren Einwilligung in den Einsatz der Drittanbieter bitten, ist die Rechtsgrundlage der Verarbeitung von Daten die Einwilligung. Ansonsten werden die Daten der Nutzer auf Grundlage unserer berechtigten Interessen (d.h. Interesse an effizienten, wirtschaftlichen und empf\u00e4ngerfreundlichen Leistungen) verarbeitet. In diesem Zusammenhang m\u00f6chten wir Sie auch auf die Informationen zur Verwendung von Cookies in dieser Datenschutzerkl\u00e4rung hinweisen.<\/p>\n\n\n\n<ul><li><strong>Verarbeitete Datenarten:<\/strong> Nutzungsdaten  (z.B. besuchte Webseiten, Interesse an Inhalten, Zugriffszeiten), Meta-\/Kommunikationsdaten (z.B. Ger\u00e4te-Informationen, IP-Adressen).<\/li><li><strong>Betroffene Personen:<\/strong> Nutzer (z.B. Webseitenbesucher, Nutzer von Onlinediensten).<\/li><li><strong>Zwecke der Verarbeitung:<\/strong> Bereitstellung unseres Onlineangebotes und Nutzerfreundlichkeit, Vertragliche Leistungen und Service.<\/li><li><strong>Rechtsgrundlagen:<\/strong> Berechtigte Interessen (Art. 6 Abs. 1 S. 1 lit. f. DSGVO).<\/li><\/ul>\n\n\n\n<p><strong>Eingesetzte Dienste und Diensteanbieter:<\/strong><\/p>\n\n\n\n<ul><li><strong>Google Fonts:<\/strong> Wir binden die Schriftarten (\\&#8220;Google Fonts\\&#8220;) des Anbieters Google ein, wobei die Daten der Nutzer allein zu Zwecken der Darstellung der Schriftarten im Browser der Nutzer verwendet werden. Die Einbindung erfolgt auf Grundlage unserer berechtigten Interessen an einer technisch sicheren, wartungsfreien und effizienten Nutzung von Schriftarten, deren einheitlicher Darstellung sowie unter Ber\u00fccksichtigung m\u00f6glicher lizenzrechtlicher Restriktionen f\u00fcr deren Einbindung. Dienstanbieter: Google Ireland Limited, Gordon House, Barrow Street, Dublin 4, Irland, Mutterunternehmen: Google LLC, 1600 Amphitheatre Parkway, Mountain View, CA 94043, USA; Website: <a href=\"https:\/\/fonts.google.com\/\" target=\"_blank\" rel=\"noreferrer noopener\">https:\/\/fonts.google.com\/<\/a>; Datenschutzerkl\u00e4rung: <a href=\"https:\/\/policies.google.com\/privacy\" target=\"_blank\" rel=\"noreferrer noopener\">https:\/\/policies.google.com\/privacy<\/a>; Privacy Shield (Gew\u00e4hrleistung Datenschutzniveau bei Verarbeitung von Daten in den USA): <a href=\"https:\/\/www.privacyshield.gov\/participant?id=a2zt0000000TRkEAAW&amp;status=Active\" target=\"_blank\" rel=\"noreferrer noopener\">https:\/\/www.privacyshield.gov\/participant?id=a2zt0000000TRkEAAW&amp;status=Active<\/a>.<\/li><\/ul>\n\n\n\n<p><a rel=\"noreferrer noopener\" href=\"https:\/\/datenschutz-generator.de\/?l=de\" target=\"_blank\">Erstellt mit Datenschutz-Generator.de von Dr. jur. Thomas Schwenke<\/a><\/p>\n\n\n\n<p><\/p>\n\n\n\n<h3>Besucherz\u00e4hler von besucherzaehler-kostenlos.de<\/h3>\n\n\n\n<p>Diese Webseite verwendet einen externen Z\u00e4hler, um die Anzahl der Webseitenaufrufe zu erfassen. Daf\u00fcr wird ein Java-Script von einer externe Webseite geladen. Der Server von&nbsp;<a href=\"https:\/\/www.besucherzaehler-kostenlos.de\/\">besucherzaehler-kostenlos.de<\/a>&nbsp;speichert die IP-Adresse des Zugriffs \u00fcblicherweise anonymisiert und zeitlich begrenzt in einer LOG-Datei ab. Diese wird regelm\u00e4\u00dfig unwiderruflich gel\u00f6scht.<\/p>\n\n\n\n<p>Um die korrekte Funktionsweise des Z\u00e4hlers zu gew\u00e4hrleisten, speichert der Besucherz\u00e4hler zudem einen sogenannten Session-Cookie auf dem Computer des Besuchers ab. Dieser wird \u00fcblicherweise vom Browser gel\u00f6scht, sobald er geschlossen wird. In diesem Cookie werden keine pers\u00f6nlichen Informationen gespeichert. Er enth\u00e4lt lediglich die Information der aufgerufenen Domain, sowie einen boolschen Tag (true\/false), um den Besucher als bereits gez\u00e4hlt zu markieren.<\/p>\n\n\n\n<p>Es werden auch dar\u00fcberhinaus keine pers\u00f6nlichen oder personenbezogenen Daten vom Besucherz\u00e4hler erhoben. Eine Nachverfolgung oder Zuordnung der Zugriffe ist zu keiner Zeit m\u00f6glich.<\/p>\n","protected":false},"excerpt":{"rendered":"<p>Stand: 28. September 2019 Inhalts\u00fcbersicht Verantwortlicher \u00dcbersicht der Verarbeitungen Einsatz von Cookies Blogs und Publikationsmedien Bereitstellung des Onlineangebotes und Webhosting Plugins und eingebettete Funktionen sowie Inhalte Besucherz\u00e4hler Verantwortlicher s.Impressum \u00dcbersicht der Verarbeitungen Die nachfolgende \u00dcbersicht fasst die Arten der verarbeiteten Daten und die Zwecke ihrer Verarbeitung zusammen und verweist auf die betroffenen Personen. Arten der &#8230; <a title=\"Datenschutzerkl\u00e4rung\" class=\"read-more\" href=\"http:\/\/mformer.de\/?page_id=21\" aria-label=\"Mehr dazu unter Datenschutzerkl\u00e4rung\">Weiterlesen<\/a><\/p>\n","protected":false},"author":1,"featured_media":0,"parent":0,"menu_order":90,"comment_status":"closed","ping_status":"closed","template":"","meta":[],"_links":{"self":[{"href":"http:\/\/mformer.de\/index.php?rest_route=\/wp\/v2\/pages\/21"}],"collection":[{"href":"http:\/\/mformer.de\/index.php?rest_route=\/wp\/v2\/pages"}],"about":[{"href":"http:\/\/mformer.de\/index.php?rest_route=\/wp\/v2\/types\/page"}],"author":[{"embeddable":true,"href":"http:\/\/mformer.de\/index.php?rest_route=\/wp\/v2\/users\/1"}],"replies":[{"embeddable":true,"href":"http:\/\/mformer.de\/index.php?rest_route=%2Fwp%2Fv2%2Fcomments&post=21"}],"version-history":[{"count":3,"href":"http:\/\/mformer.de\/index.php?rest_route=\/wp\/v2\/pages\/21\/revisions"}],"predecessor-version":[{"id":59,"href":"http:\/\/mformer.de\/index.php?rest_route=\/wp\/v2\/pages\/21\/revisions\/59"}],"wp:attachment":[{"href":"http:\/\/mformer.de\/index.php?rest_route=%2Fwp%2Fv2%2Fmedia&parent=21"}],"curies":[{"name":"wp","href":"https:\/\/api.w.org\/{rel}","templated":true}]}}